{"id":8,"date":"2020-08-20T22:17:29","date_gmt":"2020-08-20T22:17:29","guid":{"rendered":"https:\/\/servlardomesticasbh.com.br\/blog\/?page_id=8"},"modified":"2020-08-20T22:17:29","modified_gmt":"2020-08-20T22:17:29","slug":"contato","status":"publish","type":"page","link":"https:\/\/servlardomesticasbh.com.br\/blog\/contato\/","title":{"rendered":"Contato"},"content":{"rendered":"\n<p>Esta \u00e9 uma p\u00e1gina com algumas informa\u00e7\u00f5es b\u00e1sicas de contato, como um endere\u00e7o e n\u00famero de telefone. Voc\u00ea tamb\u00e9m pode experimentar usar um plugin para adicionar um formul\u00e1rio de contato.<\/p>\n","protected":false},"excerpt":{"rendered":"<p>Esta \u00e9 uma p\u00e1gina com algumas informa\u00e7\u00f5es b\u00e1sicas de contato, como um endere\u00e7o e n\u00famero de telefone. Voc\u00ea tamb\u00e9m pode experimentar usar um plugin para adicionar um formul\u00e1rio de contato.<\/p>\n","protected":false},"author":1,"featured_media":0,"parent":0,"menu_order":0,"comment_status":"closed","ping_status":"closed","template":"","meta":{"footnotes":""},"class_list":["post-8","page","type-page","status-publish","hentry"],"yoast_head":"<!-- This site is optimized with the Yoast SEO plugin v27.6 - https:\/\/yoast.com\/product\/yoast-seo-wordpress\/ -->\n<title>Contato -<\/title>\n<meta name=\"robots\" content=\"index, follow, max-snippet:-1, max-image-preview:large, max-video-preview:-1\" \/>\n<link rel=\"canonical\" href=\"https:\/\/servlardomesticasbh.com.br\/blog\/contato\/\" \/>\n<meta property=\"og:locale\" content=\"pt_BR\" \/>\n<meta property=\"og:type\" content=\"article\" \/>\n<meta property=\"og:title\" content=\"Contato -\" \/>\n<meta property=\"og:description\" content=\"Esta \u00e9 uma p\u00e1gina com algumas informa\u00e7\u00f5es b\u00e1sicas de contato, como um endere\u00e7o e n\u00famero de telefone. Voc\u00ea tamb\u00e9m pode experimentar usar um plugin para adicionar um formul\u00e1rio de contato.\" \/>\n<meta property=\"og:url\" content=\"https:\/\/servlardomesticasbh.com.br\/blog\/contato\/\" \/>\n<meta name=\"twitter:card\" content=\"summary_large_image\" \/>\n<script type=\"application\/ld+json\" class=\"yoast-schema-graph\">{\"@context\":\"https:\\\/\\\/schema.org\",\"@graph\":[{\"@type\":\"WebPage\",\"@id\":\"https:\\\/\\\/servlardomesticasbh.com.br\\\/blog\\\/contato\\\/\",\"url\":\"https:\\\/\\\/servlardomesticasbh.com.br\\\/blog\\\/contato\\\/\",\"name\":\"Contato -\",\"isPartOf\":{\"@id\":\"https:\\\/\\\/servlardomesticasbh.com.br\\\/blog\\\/#website\"},\"datePublished\":\"2020-08-20T22:17:29+00:00\",\"breadcrumb\":{\"@id\":\"https:\\\/\\\/servlardomesticasbh.com.br\\\/blog\\\/contato\\\/#breadcrumb\"},\"inLanguage\":\"pt-BR\",\"potentialAction\":[{\"@type\":\"ReadAction\",\"target\":[\"https:\\\/\\\/servlardomesticasbh.com.br\\\/blog\\\/contato\\\/\"]}]},{\"@type\":\"BreadcrumbList\",\"@id\":\"https:\\\/\\\/servlardomesticasbh.com.br\\\/blog\\\/contato\\\/#breadcrumb\",\"itemListElement\":[{\"@type\":\"ListItem\",\"position\":1,\"name\":\"In\u00edcio\",\"item\":\"https:\\\/\\\/servlardomesticasbh.com.br\\\/blog\\\/\"},{\"@type\":\"ListItem\",\"position\":2,\"name\":\"Contato\"}]},{\"@type\":\"WebSite\",\"@id\":\"https:\\\/\\\/servlardomesticasbh.com.br\\\/blog\\\/#website\",\"url\":\"https:\\\/\\\/servlardomesticasbh.com.br\\\/blog\\\/\",\"name\":\"Servlar\",\"description\":\"\",\"publisher\":{\"@id\":\"https:\\\/\\\/servlardomesticasbh.com.br\\\/blog\\\/#organization\"},\"potentialAction\":[{\"@type\":\"SearchAction\",\"target\":{\"@type\":\"EntryPoint\",\"urlTemplate\":\"https:\\\/\\\/servlardomesticasbh.com.br\\\/blog\\\/?s={search_term_string}\"},\"query-input\":{\"@type\":\"PropertyValueSpecification\",\"valueRequired\":true,\"valueName\":\"search_term_string\"}}],\"inLanguage\":\"pt-BR\"},{\"@type\":\"Organization\",\"@id\":\"https:\\\/\\\/servlardomesticasbh.com.br\\\/blog\\\/#organization\",\"name\":\"Servar\",\"url\":\"https:\\\/\\\/servlardomesticasbh.com.br\\\/blog\\\/\",\"logo\":{\"@type\":\"ImageObject\",\"inLanguage\":\"pt-BR\",\"@id\":\"https:\\\/\\\/servlardomesticasbh.com.br\\\/blog\\\/#\\\/schema\\\/logo\\\/image\\\/\",\"url\":\"https:\\\/\\\/servlardomesticasbh.com.br\\\/blog\\\/wp-content\\\/uploads\\\/2020\\\/08\\\/agencia-diarista-bh-servlar.png\",\"contentUrl\":\"https:\\\/\\\/servlardomesticasbh.com.br\\\/blog\\\/wp-content\\\/uploads\\\/2020\\\/08\\\/agencia-diarista-bh-servlar.png\",\"width\":237,\"height\":82,\"caption\":\"Servar\"},\"image\":{\"@id\":\"https:\\\/\\\/servlardomesticasbh.com.br\\\/blog\\\/#\\\/schema\\\/logo\\\/image\\\/\"}}]}<\/script>\n<!-- \/ Yoast SEO plugin. -->","yoast_head_json":{"title":"Contato -","robots":{"index":"index","follow":"follow","max-snippet":"max-snippet:-1","max-image-preview":"max-image-preview:large","max-video-preview":"max-video-preview:-1"},"canonical":"https:\/\/servlardomesticasbh.com.br\/blog\/contato\/","og_locale":"pt_BR","og_type":"article","og_title":"Contato -","og_description":"Esta \u00e9 uma p\u00e1gina com algumas informa\u00e7\u00f5es b\u00e1sicas de contato, como um endere\u00e7o e n\u00famero de telefone. Voc\u00ea tamb\u00e9m pode experimentar usar um plugin para adicionar um formul\u00e1rio de contato.","og_url":"https:\/\/servlardomesticasbh.com.br\/blog\/contato\/","twitter_card":"summary_large_image","schema":{"@context":"https:\/\/schema.org","@graph":[{"@type":"WebPage","@id":"https:\/\/servlardomesticasbh.com.br\/blog\/contato\/","url":"https:\/\/servlardomesticasbh.com.br\/blog\/contato\/","name":"Contato -","isPartOf":{"@id":"https:\/\/servlardomesticasbh.com.br\/blog\/#website"},"datePublished":"2020-08-20T22:17:29+00:00","breadcrumb":{"@id":"https:\/\/servlardomesticasbh.com.br\/blog\/contato\/#breadcrumb"},"inLanguage":"pt-BR","potentialAction":[{"@type":"ReadAction","target":["https:\/\/servlardomesticasbh.com.br\/blog\/contato\/"]}]},{"@type":"BreadcrumbList","@id":"https:\/\/servlardomesticasbh.com.br\/blog\/contato\/#breadcrumb","itemListElement":[{"@type":"ListItem","position":1,"name":"In\u00edcio","item":"https:\/\/servlardomesticasbh.com.br\/blog\/"},{"@type":"ListItem","position":2,"name":"Contato"}]},{"@type":"WebSite","@id":"https:\/\/servlardomesticasbh.com.br\/blog\/#website","url":"https:\/\/servlardomesticasbh.com.br\/blog\/","name":"Servlar","description":"","publisher":{"@id":"https:\/\/servlardomesticasbh.com.br\/blog\/#organization"},"potentialAction":[{"@type":"SearchAction","target":{"@type":"EntryPoint","urlTemplate":"https:\/\/servlardomesticasbh.com.br\/blog\/?s={search_term_string}"},"query-input":{"@type":"PropertyValueSpecification","valueRequired":true,"valueName":"search_term_string"}}],"inLanguage":"pt-BR"},{"@type":"Organization","@id":"https:\/\/servlardomesticasbh.com.br\/blog\/#organization","name":"Servar","url":"https:\/\/servlardomesticasbh.com.br\/blog\/","logo":{"@type":"ImageObject","inLanguage":"pt-BR","@id":"https:\/\/servlardomesticasbh.com.br\/blog\/#\/schema\/logo\/image\/","url":"https:\/\/servlardomesticasbh.com.br\/blog\/wp-content\/uploads\/2020\/08\/agencia-diarista-bh-servlar.png","contentUrl":"https:\/\/servlardomesticasbh.com.br\/blog\/wp-content\/uploads\/2020\/08\/agencia-diarista-bh-servlar.png","width":237,"height":82,"caption":"Servar"},"image":{"@id":"https:\/\/servlardomesticasbh.com.br\/blog\/#\/schema\/logo\/image\/"}}]}},"_links":{"self":[{"href":"https:\/\/servlardomesticasbh.com.br\/blog\/wp-json\/wp\/v2\/pages\/8","targetHints":{"allow":["GET"]}}],"collection":[{"href":"https:\/\/servlardomesticasbh.com.br\/blog\/wp-json\/wp\/v2\/pages"}],"about":[{"href":"https:\/\/servlardomesticasbh.com.br\/blog\/wp-json\/wp\/v2\/types\/page"}],"author":[{"embeddable":true,"href":"https:\/\/servlardomesticasbh.com.br\/blog\/wp-json\/wp\/v2\/users\/1"}],"replies":[{"embeddable":true,"href":"https:\/\/servlardomesticasbh.com.br\/blog\/wp-json\/wp\/v2\/comments?post=8"}],"version-history":[{"count":1,"href":"https:\/\/servlardomesticasbh.com.br\/blog\/wp-json\/wp\/v2\/pages\/8\/revisions"}],"predecessor-version":[{"id":14,"href":"https:\/\/servlardomesticasbh.com.br\/blog\/wp-json\/wp\/v2\/pages\/8\/revisions\/14"}],"wp:attachment":[{"href":"https:\/\/servlardomesticasbh.com.br\/blog\/wp-json\/wp\/v2\/media?parent=8"}],"curies":[{"name":"wp","href":"https:\/\/api.w.org\/{rel}","templated":true}]}}